{"id":42,"date":"2020-03-20T08:36:15","date_gmt":"2020-03-20T08:36:15","guid":{"rendered":"https:\/\/demo.cmssuperheroes.com\/themeforest\/amarou\/?page_id=42"},"modified":"2022-01-21T09:38:38","modified_gmt":"2022-01-21T09:38:38","slug":"about-us","status":"publish","type":"page","link":"https:\/\/www.fm-desp.co.mz\/en\/about-us\/","title":{"rendered":"About Us"},"content":{"rendered":"<div data-elementor-type=\"wp-page\" data-elementor-id=\"42\" class=\"elementor elementor-42\" data-elementor-settings=\"[]\">\n\t\t\t\t\t\t<div class=\"elementor-inner\">\n\t\t\t\t\t\t\t<div class=\"elementor-section-wrap\">\n\t\t\t\t\t\t\t<section class=\"elementor-section elementor-top-section elementor-element elementor-element-830b4cd elementor-section-stretched elementor-section-full_width animated-slow elementor-section-height-default elementor-section-height-default elementor-invisible\" data-id=\"830b4cd\" data-element_type=\"section\" data-settings=\"{&quot;stretch_section&quot;:&quot;section-stretched&quot;,&quot;background_background&quot;:&quot;classic&quot;,&quot;animation&quot;:&quot;zoomInLeft&quot;,&quot;animation_delay&quot;:300}\">\n\t\t\t\t\t\t\t<div class=\"elementor-background-overlay\"><\/div>\n\t\t\t\t\t\t\t<div class=\"elementor-container elementor-column-gap-wide\">\n\t\t\t\t\t\t\t<div class=\"elementor-row\">\n\t\t\t\t\t<div class=\"elementor-column elementor-col-50 elementor-top-column elementor-element elementor-element-9a686c7\" data-id=\"9a686c7\" data-element_type=\"column\">\n\t\t\t<div class=\"elementor-column-wrap\">\n\t\t\t\t\t\t\t<div class=\"elementor-widget-wrap\">\n\t\t\t\t\t\t\t\t<\/div>\n\t\t\t\t\t<\/div>\n\t\t<\/div>\n\t\t\t\t<div class=\"elementor-column elementor-col-50 elementor-top-column elementor-element elementor-element-b0a815a\" data-id=\"b0a815a\" data-element_type=\"column\">\n\t\t\t<div class=\"elementor-column-wrap elementor-element-populated\">\n\t\t\t\t\t\t\t<div class=\"elementor-widget-wrap\">\n\t\t\t\t\t\t<div class=\"elementor-element elementor-element-439b44f elementor-widget elementor-widget-cms_heading\" data-id=\"439b44f\" data-element_type=\"widget\" data-widget_type=\"cms_heading.default\">\n\t\t\t\t<div class=\"elementor-widget-container\">\n\t\t\t<div class=\"cms-heading-wrapper cms-heading-layout1\">\r\n    \r\n    <h3 class=\"custom-heading\">\r\n        <span >\r\n            Sobre N\u00f3s        <\/span>\r\n    <\/h3>\r\n    \r\n    <\/div>\t\t<\/div>\n\t\t\t\t<\/div>\n\t\t\t\t\t\t<\/div>\n\t\t\t\t\t<\/div>\n\t\t<\/div>\n\t\t\t\t\t\t\t\t<\/div>\n\t\t\t\t\t<\/div>\n\t\t<\/section>\n\t\t\t\t<section class=\"elementor-section elementor-top-section elementor-element elementor-element-b0e92aa animated-fast elementor-section-full_width elementor-section-height-default elementor-section-height-default elementor-invisible\" data-id=\"b0e92aa\" data-element_type=\"section\" data-settings=\"{&quot;animation&quot;:&quot;rotateInDownRight&quot;,&quot;animation_delay&quot;:300}\">\n\t\t\t\t\t\t<div class=\"elementor-container elementor-column-gap-extended\">\n\t\t\t\t\t\t\t<div class=\"elementor-row\">\n\t\t\t\t\t<div class=\"elementor-column elementor-col-100 elementor-top-column elementor-element elementor-element-653ea1b\" data-id=\"653ea1b\" data-element_type=\"column\">\n\t\t\t<div class=\"elementor-column-wrap elementor-element-populated\">\n\t\t\t\t\t\t\t<div class=\"elementor-widget-wrap\">\n\t\t\t\t\t\t<div class=\"elementor-element elementor-element-4074bed elementor-widget elementor-widget-cms_heading\" data-id=\"4074bed\" data-element_type=\"widget\" data-widget_type=\"cms_heading.default\">\n\t\t\t\t<div class=\"elementor-widget-container\">\n\t\t\t<div class=\"cms-heading-wrapper cms-heading-layout1\">\r\n    \r\n    <h3 class=\"custom-heading\">\r\n        <span >\r\n                    <\/span>\r\n    <\/h3>\r\n    \r\n    <\/div>\t\t<\/div>\n\t\t\t\t<\/div>\n\t\t\t\t<div class=\"elementor-element elementor-element-2b5eda1 elementor-widget elementor-widget-cms_text_editor\" data-id=\"2b5eda1\" data-element_type=\"widget\" data-widget_type=\"cms_text_editor.default\">\n\t\t\t\t<div class=\"elementor-widget-container\">\n\t\t\t    <div class=\"elementor-text-editor elementor-clearfix\"><p>A FM &#8211; Despachante Aduaneiro \u00e9 uma Entidade Despachante, Licenciada desde o ano de 2003 pela autoridade competente (Minist\u00e9rio das Finan\u00e7as atrav\u00e9s da Direc\u00e7\u00e3o Geral das Alfandegas) a exercer actividade de Despacho de Mercadorias.<br>Constitu\u00edda por uma equipa jovem, din\u00e2mica, ousada a enfrentar novos desafios, com quadro de pessoal balanceado quanto ao g\u00e9nero, que faz a diferen\u00e7a e supera as expectativas dos Clientes.<\/p><\/div>\t\t<\/div>\n\t\t\t\t<\/div>\n\t\t\t\t<section class=\"elementor-section elementor-inner-section elementor-element elementor-element-c9b9c25 elementor-section-full_width elementor-section-height-default elementor-section-height-default elementor-invisible\" data-id=\"c9b9c25\" data-element_type=\"section\" data-settings=\"{&quot;animation&quot;:&quot;zoomInRight&quot;,&quot;animation_delay&quot;:300}\">\n\t\t\t\t\t\t<div class=\"elementor-container elementor-column-gap-no\">\n\t\t\t\t\t\t\t<div class=\"elementor-row\">\n\t\t\t\t\t<div class=\"elementor-column elementor-col-100 elementor-inner-column elementor-element elementor-element-019063f col-line2\" data-id=\"019063f\" data-element_type=\"column\" data-settings=\"{&quot;background_background&quot;:&quot;classic&quot;}\">\n\t\t\t<div class=\"elementor-column-wrap elementor-element-populated\">\n\t\t\t\t\t\t\t<div class=\"elementor-widget-wrap\">\n\t\t\t\t\t\t<div class=\"elementor-element elementor-element-d543cd8 elementor-widget elementor-widget-spacer\" data-id=\"d543cd8\" data-element_type=\"widget\" data-widget_type=\"spacer.default\">\n\t\t\t\t<div class=\"elementor-widget-container\">\n\t\t\t\t\t<div class=\"elementor-spacer\">\n\t\t\t<div class=\"elementor-spacer-inner\"><\/div>\n\t\t<\/div>\n\t\t\t\t<\/div>\n\t\t\t\t<\/div>\n\t\t\t\t<div class=\"elementor-element elementor-element-aec5bbd elementor-widget elementor-widget-cms_video_player\" data-id=\"aec5bbd\" data-element_type=\"widget\" data-widget_type=\"cms_video_player.default\">\n\t\t\t\t<div class=\"elementor-widget-container\">\n\t\t\t<div class=\"cms-video-player style3\">\r\n    \r\n    \r\n    \r\n                        <div class=\"btn-video-wrap\">\r\n                <a class=\"btn-video\" href=\"#\">\r\n                    <i class=\"fac fac-play\"><\/i>\r\n                <\/a>\r\n                <label>Our Vision, Mission and Values!<\/label>\r\n            <\/div>\r\n          \r\n    <\/div>\t\t<\/div>\n\t\t\t\t<\/div>\n\t\t\t\t<div class=\"elementor-element elementor-element-93cb53f line-title elementor-widget elementor-widget-cms_heading\" data-id=\"93cb53f\" data-element_type=\"widget\" data-widget_type=\"cms_heading.default\">\n\t\t\t\t<div class=\"elementor-widget-container\">\n\t\t\t<div class=\"cms-heading-wrapper cms-heading-layout1\">\r\n    \r\n    <h3 class=\"custom-heading\">\r\n        <span >\r\n            Fornecemos servi\u00e7os e solu\u00e7\u00f5es aduaneiras em todo o pa\u00eds.        <\/span>\r\n    <\/h3>\r\n    \r\n    <\/div>\t\t<\/div>\n\t\t\t\t<\/div>\n\t\t\t\t<div class=\"elementor-element elementor-element-d2ddfda ac-small elementor-widget elementor-widget-cms_accordion\" data-id=\"d2ddfda\" data-element_type=\"widget\" data-widget_type=\"cms_accordion.default\">\n\t\t\t\t<div class=\"elementor-widget-container\">\n\t\t\t    <div id=\"cms_accordion-d2ddfda\" class=\"cms-accordion layout1\">\r\n                    <div class=\"cms-accordion-item\">\r\n                <div class=\"cms-ac-title\" data-target=\"#fd066b9cms_accordion-d2ddfda\">\r\n                    <a class=\"cms-ac-title-text\">Mission<\/a>\r\n                <\/div>\r\n                <div id=\"fd066b9cms_accordion-d2ddfda\" class=\"cms-ac-content\">Ajudar a desalfandegar com integridade, bens e mercadorias de e para Mo\u00e7ambique e prestar<br \/>\nservi\u00e7os para aliviar nossos Clientes de quaisquer transtornos na tramita\u00e7\u00e3o do expediente aduaneiro<br \/>\n(Importa\u00e7\u00e3o\/Exporta\u00e7\u00e3o) em qualquer ponto do Pa\u00eds.<\/div>\r\n            <\/div>\r\n                    <div class=\"cms-accordion-item active\">\r\n                <div class=\"cms-ac-title active\" data-target=\"#66ca982cms_accordion-d2ddfda\">\r\n                    <a class=\"cms-ac-title-text\">Vision<\/a>\r\n                <\/div>\r\n                <div id=\"66ca982cms_accordion-d2ddfda\" class=\"cms-ac-content\" style=\"display:block;\">Ser Despachante Aduaneiro que sirva e ajude, todos n\u00edveis de operadores do Com\u00e9rcio Externo<br \/>\n(Importadores\/Exportadores) que actuem em, de e para Mo\u00e7ambique; desde o mais pacto ao mais<br \/>\nousado at\u00e9 atingir os megaprojectos\/investidores no Territ\u00f3rio Aduaneiro mo\u00e7ambicano.<\/div>\r\n            <\/div>\r\n                    <div class=\"cms-accordion-item\">\r\n                <div class=\"cms-ac-title\" data-target=\"#4787be6cms_accordion-d2ddfda\">\r\n                    <a class=\"cms-ac-title-text\">Objecto<\/a>\r\n                <\/div>\r\n                <div id=\"4787be6cms_accordion-d2ddfda\" class=\"cms-ac-content\">Mercadoria, o mesmo da rela\u00e7\u00e3o jur\u00eddica aduaneira.<\/div>\r\n            <\/div>\r\n                    <div class=\"cms-accordion-item\">\r\n                <div class=\"cms-ac-title\" data-target=\"#065cdf5cms_accordion-d2ddfda\">\r\n                    <a class=\"cms-ac-title-text\">O que faz?<\/a>\r\n                <\/div>\r\n                <div id=\"065cdf5cms_accordion-d2ddfda\" class=\"cms-ac-content\">Oferecer aos operadores do com\u00e9rcio externo (Importadores \/ Exportadores autorizados e sazonais),<br \/>\nservi\u00e7o personalizados de desembara\u00e7o aduaneiro de mercadorias.<br \/>\n\u2022 Providenciar assessoria t\u00e9cnica, econ\u00f3mica e aduaneira; servi\u00e7os afins de consultorias nas \u00e1reas;<br \/>\nfinanceira, jur\u00eddica, empresarial e engenharia civil, atrav\u00e9s de parcerias firmadas com Especialista das<br \/>\n\u00e1reas a pedido dos nossos clientes.<\/div>\r\n            <\/div>\r\n            <\/div>\r\n\t\t<\/div>\n\t\t\t\t<\/div>\n\t\t\t\t<div class=\"elementor-element elementor-element-46b7ea7 elementor-widget elementor-widget-spacer\" data-id=\"46b7ea7\" data-element_type=\"widget\" data-widget_type=\"spacer.default\">\n\t\t\t\t<div class=\"elementor-widget-container\">\n\t\t\t\t\t<div class=\"elementor-spacer\">\n\t\t\t<div class=\"elementor-spacer-inner\"><\/div>\n\t\t<\/div>\n\t\t\t\t<\/div>\n\t\t\t\t<\/div>\n\t\t\t\t\t\t<\/div>\n\t\t\t\t\t<\/div>\n\t\t<\/div>\n\t\t\t\t\t\t\t\t<\/div>\n\t\t\t\t\t<\/div>\n\t\t<\/section>\n\t\t\t\t\t\t<\/div>\n\t\t\t\t\t<\/div>\n\t\t<\/div>\n\t\t\t\t\t\t\t\t<\/div>\n\t\t\t\t\t<\/div>\n\t\t<\/section>\n\t\t\t\t<section class=\"elementor-section elementor-top-section elementor-element elementor-element-183edcb elementor-section-full_width animated-slow elementor-section-height-default elementor-section-height-default elementor-invisible\" data-id=\"183edcb\" data-element_type=\"section\" data-settings=\"{&quot;background_background&quot;:&quot;classic&quot;,&quot;animation&quot;:&quot;zoomInRight&quot;,&quot;animation_delay&quot;:300}\">\n\t\t\t\t\t\t<div class=\"elementor-container elementor-column-gap-extended\">\n\t\t\t\t\t\t\t<div class=\"elementor-row\">\n\t\t\t\t\t<div class=\"elementor-column elementor-col-100 elementor-top-column elementor-element elementor-element-0bf3f02\" data-id=\"0bf3f02\" data-element_type=\"column\">\n\t\t\t<div class=\"elementor-column-wrap elementor-element-populated\">\n\t\t\t\t\t\t\t<div class=\"elementor-widget-wrap\">\n\t\t\t\t\t\t<section class=\"elementor-section elementor-inner-section elementor-element elementor-element-9316483 elementor-section-boxed elementor-section-height-default elementor-section-height-default\" data-id=\"9316483\" data-element_type=\"section\">\n\t\t\t\t\t\t<div class=\"elementor-container elementor-column-gap-extended\">\n\t\t\t\t\t\t\t<div class=\"elementor-row\">\n\t\t\t\t\t<div class=\"elementor-column elementor-col-50 elementor-inner-column elementor-element elementor-element-54baa4f\" data-id=\"54baa4f\" data-element_type=\"column\">\n\t\t\t<div class=\"elementor-column-wrap elementor-element-populated\">\n\t\t\t\t\t\t\t<div class=\"elementor-widget-wrap\">\n\t\t\t\t\t\t<div class=\"elementor-element elementor-element-f8ed404 elementor-widget elementor-widget-cms_heading\" data-id=\"f8ed404\" data-element_type=\"widget\" data-widget_type=\"cms_heading.default\">\n\t\t\t\t<div class=\"elementor-widget-container\">\n\t\t\t<div class=\"cms-heading-wrapper cms-heading-layout1\">\r\n            <div class=\"custom-subheading\">Trabalhe com um dos principais fornecedores do sector aduaneiro<\/div>\r\n    \r\n    <h3 class=\"custom-heading\">\r\n        <span >\r\n            Comprometida em fornecer  Servi\u00e7os de  alta qualidade!        <\/span>\r\n    <\/h3>\r\n    \r\n    <\/div>\t\t<\/div>\n\t\t\t\t<\/div>\n\t\t\t\t\t\t<\/div>\n\t\t\t\t\t<\/div>\n\t\t<\/div>\n\t\t\t\t<div class=\"elementor-column elementor-col-50 elementor-inner-column elementor-element elementor-element-226441a\" data-id=\"226441a\" data-element_type=\"column\">\n\t\t\t<div class=\"elementor-column-wrap\">\n\t\t\t\t\t\t\t<div class=\"elementor-widget-wrap\">\n\t\t\t\t\t\t\t\t<\/div>\n\t\t\t\t\t<\/div>\n\t\t<\/div>\n\t\t\t\t\t\t\t\t<\/div>\n\t\t\t\t\t<\/div>\n\t\t<\/section>\n\t\t\t\t<section class=\"elementor-section elementor-inner-section elementor-element elementor-element-481f870 elementor-section-boxed elementor-section-height-default elementor-section-height-default\" data-id=\"481f870\" data-element_type=\"section\">\n\t\t\t\t\t\t<div class=\"elementor-container elementor-column-gap-extended\">\n\t\t\t\t\t\t\t<div class=\"elementor-row\">\n\t\t\t\t\t<div class=\"elementor-column elementor-col-50 elementor-inner-column elementor-element elementor-element-d10eb06\" data-id=\"d10eb06\" data-element_type=\"column\">\n\t\t\t<div class=\"elementor-column-wrap elementor-element-populated\">\n\t\t\t\t\t\t\t<div class=\"elementor-widget-wrap\">\n\t\t\t\t\t\t<div class=\"elementor-element elementor-element-0513f2f cms-counter-layout1 elementor-widget elementor-widget-cms_counter\" data-id=\"0513f2f\" data-element_type=\"widget\" data-widget_type=\"cms_counter.default\">\n\t\t\t\t<div class=\"elementor-widget-container\">\n\t\t\t<div class=\"cms-counter-layout1 wow zoomIn style2\" data-wow-delay=\"ms\">\r\n        <div class=\"cms-counter-number-wrapper\">\r\n        <span class=\"cms-counter-number-prefix\"><\/span>\r\n        <span class=\"elementor-counter-number\" data-duration=\"2000\" data-to-value=\"40\" data-delimiter=\".\">1<\/span>\r\n        <span class=\"cms-counter-number-suffix\"><\/span>\r\n    <\/div>\r\n            <h3 class=\"cms-counter-title\">Trabalhos conclu\u00eddos <\/h3>\r\n    <\/div>\t\t<\/div>\n\t\t\t\t<\/div>\n\t\t\t\t<div class=\"elementor-element elementor-element-2880bf9 elementor-widget-divider--view-line elementor-widget elementor-widget-divider\" data-id=\"2880bf9\" data-element_type=\"widget\" data-widget_type=\"divider.default\">\n\t\t\t\t<div class=\"elementor-widget-container\">\n\t\t\t\t\t<div class=\"elementor-divider\">\n\t\t\t<span class=\"elementor-divider-separator\">\n\t\t\t\t\t\t<\/span>\n\t\t<\/div>\n\t\t\t\t<\/div>\n\t\t\t\t<\/div>\n\t\t\t\t\t\t<\/div>\n\t\t\t\t\t<\/div>\n\t\t<\/div>\n\t\t\t\t<div class=\"elementor-column elementor-col-50 elementor-inner-column elementor-element elementor-element-9b20500\" data-id=\"9b20500\" data-element_type=\"column\">\n\t\t\t<div class=\"elementor-column-wrap elementor-element-populated\">\n\t\t\t\t\t\t\t<div class=\"elementor-widget-wrap\">\n\t\t\t\t\t\t<div class=\"elementor-element elementor-element-dfc940d cms-counter-layout1 elementor-widget elementor-widget-cms_counter\" data-id=\"dfc940d\" data-element_type=\"widget\" data-widget_type=\"cms_counter.default\">\n\t\t\t\t<div class=\"elementor-widget-container\">\n\t\t\t<div class=\"cms-counter-layout1 wow zoomIn style2\" data-wow-delay=\"ms\">\r\n        <div class=\"cms-counter-number-wrapper\">\r\n        <span class=\"cms-counter-number-prefix\"><\/span>\r\n        <span class=\"elementor-counter-number\" data-duration=\"2000\" data-to-value=\"7\" data-delimiter=\",\">1<\/span>\r\n        <span class=\"cms-counter-number-suffix\"><\/span>\r\n    <\/div>\r\n            <h3 class=\"cms-counter-title\">Qualified Employees and Workers With Us<\/h3>\r\n    <\/div>\t\t<\/div>\n\t\t\t\t<\/div>\n\t\t\t\t<div class=\"elementor-element elementor-element-3eb5896 elementor-widget-divider--view-line elementor-widget elementor-widget-divider\" data-id=\"3eb5896\" data-element_type=\"widget\" data-widget_type=\"divider.default\">\n\t\t\t\t<div class=\"elementor-widget-container\">\n\t\t\t\t\t<div class=\"elementor-divider\">\n\t\t\t<span class=\"elementor-divider-separator\">\n\t\t\t\t\t\t<\/span>\n\t\t<\/div>\n\t\t\t\t<\/div>\n\t\t\t\t<\/div>\n\t\t\t\t\t\t<\/div>\n\t\t\t\t\t<\/div>\n\t\t<\/div>\n\t\t\t\t\t\t\t\t<\/div>\n\t\t\t\t\t<\/div>\n\t\t<\/section>\n\t\t\t\t\t\t<\/div>\n\t\t\t\t\t<\/div>\n\t\t<\/div>\n\t\t\t\t\t\t\t\t<\/div>\n\t\t\t\t\t<\/div>\n\t\t<\/section>\n\t\t\t\t<section class=\"elementor-section elementor-top-section elementor-element elementor-element-70e0090 elementor-section-stretched elementor-section-full_width elementor-section-height-default elementor-section-height-default\" data-id=\"70e0090\" data-element_type=\"section\" data-settings=\"{&quot;stretch_section&quot;:&quot;section-stretched&quot;,&quot;background_background&quot;:&quot;classic&quot;}\">\n\t\t\t\t\t\t<div class=\"elementor-container elementor-column-gap-no\">\n\t\t\t\t\t\t\t<div class=\"elementor-row\">\n\t\t\t\t\t<div class=\"elementor-column elementor-col-100 elementor-top-column elementor-element elementor-element-b537bf0\" data-id=\"b537bf0\" data-element_type=\"column\">\n\t\t\t<div class=\"elementor-column-wrap\">\n\t\t\t\t\t\t\t<div class=\"elementor-widget-wrap\">\n\t\t\t\t\t\t\t\t<\/div>\n\t\t\t\t\t<\/div>\n\t\t<\/div>\n\t\t\t\t\t\t\t\t<\/div>\n\t\t\t\t\t<\/div>\n\t\t<\/section>\n\t\t\t\t\t\t<\/div>\n\t\t\t\t\t\t<\/div>\n\t\t\t\t\t<\/div>","protected":false},"excerpt":{"rendered":"<p>Sobre N\u00f3s A FM &#8211; Despachante Aduaneiro \u00e9 uma Entidade Despachante, Licenciada desde o ano de 2003 pela autoridade competente (Minist\u00e9rio das Finan\u00e7as atrav\u00e9s da Direc\u00e7\u00e3o Geral das Alfandegas) a exercer actividade de Despacho de Mercadorias.Constitu\u00edda por uma equipa jovem, din\u00e2mica, ousada a enfrentar novos desafios, com quadro de pessoal balanceado quanto ao g\u00e9nero, que [&hellip;]<\/p>","protected":false},"author":1,"featured_media":0,"parent":0,"menu_order":0,"comment_status":"closed","ping_status":"closed","template":"","meta":[],"_links":{"self":[{"href":"https:\/\/www.fm-desp.co.mz\/en\/wp-json\/wp\/v2\/pages\/42"}],"collection":[{"href":"https:\/\/www.fm-desp.co.mz\/en\/wp-json\/wp\/v2\/pages"}],"about":[{"href":"https:\/\/www.fm-desp.co.mz\/en\/wp-json\/wp\/v2\/types\/page"}],"author":[{"embeddable":true,"href":"https:\/\/www.fm-desp.co.mz\/en\/wp-json\/wp\/v2\/users\/1"}],"replies":[{"embeddable":true,"href":"https:\/\/www.fm-desp.co.mz\/en\/wp-json\/wp\/v2\/comments?post=42"}],"version-history":[{"count":96,"href":"https:\/\/www.fm-desp.co.mz\/en\/wp-json\/wp\/v2\/pages\/42\/revisions"}],"predecessor-version":[{"id":2052,"href":"https:\/\/www.fm-desp.co.mz\/en\/wp-json\/wp\/v2\/pages\/42\/revisions\/2052"}],"wp:attachment":[{"href":"https:\/\/www.fm-desp.co.mz\/en\/wp-json\/wp\/v2\/media?parent=42"}],"curies":[{"name":"wp","href":"https:\/\/api.w.org\/{rel}","templated":true}]}}