{"id":62,"date":"2020-03-20T08:39:23","date_gmt":"2020-03-20T08:39:23","guid":{"rendered":"https:\/\/demo.cmssuperheroes.com\/themeforest\/amarou\/?page_id=62"},"modified":"2020-06-19T14:05:41","modified_gmt":"2020-06-19T14:05:41","slug":"blog-grid","status":"publish","type":"page","link":"https:\/\/www.fm-desp.co.mz\/en\/blog-grid\/","title":{"rendered":"Galery"},"content":{"rendered":"<div data-elementor-type=\"wp-page\" data-elementor-id=\"62\" class=\"elementor elementor-62\" data-elementor-settings=\"[]\">\n\t\t\t\t\t\t<div class=\"elementor-inner\">\n\t\t\t\t\t\t\t<div class=\"elementor-section-wrap\">\n\t\t\t\t\t\t\t<section class=\"elementor-section elementor-top-section elementor-element elementor-element-609bda8 elementor-section-boxed elementor-section-height-default elementor-section-height-default\" data-id=\"609bda8\" data-element_type=\"section\">\n\t\t\t\t\t\t<div class=\"elementor-container elementor-column-gap-extended\">\n\t\t\t\t\t\t\t<div class=\"elementor-row\">\n\t\t\t\t\t<div class=\"elementor-column elementor-col-100 elementor-top-column elementor-element elementor-element-218f432\" data-id=\"218f432\" data-element_type=\"column\">\n\t\t\t<div class=\"elementor-column-wrap elementor-element-populated\">\n\t\t\t\t\t\t\t<div class=\"elementor-widget-wrap\">\n\t\t\t\t\t\t<div class=\"elementor-element elementor-element-ffc7849 elementor-widget elementor-widget-cms_post_grid\" data-id=\"ffc7849\" data-element_type=\"widget\" data-widget_type=\"cms_post_grid.default\">\n\t\t\t\t<div class=\"elementor-widget-container\">\n\t\t\t\r\n<div id=\"cms_post_grid-ffc7849\" class=\"cms-grid cms-post-grid cms-post-grid-layout1\" data-layout=\"masonry\" data-start-page=\"1\" data-max-pages=\"16\" data-total=\"91\" data-perpage=\"6\" data-next-link=\"https:\/\/www.fm-desp.co.mz\/en\/wp-json\/wp\/v2\/pages\/62\/page\/2\/\">\r\n    <div class=\"cms-grid-overlay\"><\/div>\r\n    \r\n    <div class=\"cms-grid-inner cms-grid-masonry row animation-time\" data-gutter=\"7\">\r\n                    <div class=\"grid-sizer col-xl-4 col-lg-4 col-md-6 col-sm-6 col-12\"><\/div>\r\n                                <div class=\"grid-item col-xl-4 col-lg-4 col-md-6 col-sm-6 col-12\">\r\n                    <div class=\"grid-item-inner\">\r\n                                                <div class=\"item-body\">\r\n                            <ul class=\"item-meta\">\r\n                                                                    <li class=\"item-date\">July 3, 2023<\/li>\r\n                                                                                                    <li class=\"item-category\"><a href=\"https:\/\/www.fm-desp.co.mz\/en\/category\/1xbet-azerbaydjan\/\" rel=\"tag\">1xbet Azerbaydjan<\/a><\/li>\r\n                                                            <\/ul>\r\n                                                            <h3 class=\"item-title\"><a href=\"https:\/\/www.fm-desp.co.mz\/en\/2203-2\/\"><\/a><\/h3>\r\n                                                                                        <div class=\"item-content\">\r\n                                    Content M\u0259lumatlar Demo Oyununa Nec\u0259 Girm\u0259k Olar Aviator Oyunu ? Nec\u0259 Doldurmaq Olar Aviator Oyunu Az\u0259rbaycanda Oyundan Nec\u0259 Pul \u00c7\u0131xarmaq Olar Aviator Game Aviator Oyunu Azerbaycan Q\u0259za &#8220;avtopilot&#8221; Pul \u00dc\u00e7\u00fcn&hellip;                                <\/div>\r\n                                                                                        <div class=\"item-readmore\">\r\n                                    <a class=\"btn-more\" href=\"https:\/\/www.fm-desp.co.mz\/en\/2203-2\/\"><i class=\"fac fac-arrow-right\"><\/i>See more<\/a>\r\n                                <\/div>\r\n                                                    <\/div>\r\n                    <\/div>\r\n                <\/div>\r\n                            <div class=\"grid-item col-xl-4 col-lg-4 col-md-6 col-sm-6 col-12\">\r\n                    <div class=\"grid-item-inner\">\r\n                                                <div class=\"item-body\">\r\n                            <ul class=\"item-meta\">\r\n                                                                    <li class=\"item-date\">July 3, 2023<\/li>\r\n                                                                                                    <li class=\"item-category\"><a href=\"https:\/\/www.fm-desp.co.mz\/en\/category\/1xbet-azerbaydjan\/\" rel=\"tag\">1xbet Azerbaydjan<\/a><\/li>\r\n                                                            <\/ul>\r\n                                                            <h3 class=\"item-title\"><a href=\"https:\/\/www.fm-desp.co.mz\/en\/2199-2\/\"><\/a><\/h3>\r\n                                                                                        <div class=\"item-content\">\r\n                                    Content Android Cihazlarda V\u0259 Parimatch Komp\u00fcterd\u0259 Y\u00fckl\u0259yin Veb-sayt\u0131n Mobil Versiyas\u0131 T\u00f6vsiy\u0259 Olunan \u018fn Yax\u015f\u0131 3 Bukmeker \u015eirk\u0259tini S\u0131nay\u0131n Parimatch Y\u00fckl\u0259yin Az\u0259rbaycanda \u2013 T\u0259tbiq \u00dczr\u0259 Bir S\u0131ra \u00dcst\u00fcnl\u00fckl\u0259r Parimatch Y\u00fckl\u0259: T\u0259tbiqini&hellip;                                <\/div>\r\n                                                                                        <div class=\"item-readmore\">\r\n                                    <a class=\"btn-more\" href=\"https:\/\/www.fm-desp.co.mz\/en\/2199-2\/\"><i class=\"fac fac-arrow-right\"><\/i>See more<\/a>\r\n                                <\/div>\r\n                                                    <\/div>\r\n                    <\/div>\r\n                <\/div>\r\n                            <div class=\"grid-item col-xl-4 col-lg-4 col-md-6 col-sm-6 col-12\">\r\n                    <div class=\"grid-item-inner\">\r\n                                                <div class=\"item-body\">\r\n                            <ul class=\"item-meta\">\r\n                                                                    <li class=\"item-date\">July 3, 2023<\/li>\r\n                                                                                                    <li class=\"item-category\"><a href=\"https:\/\/www.fm-desp.co.mz\/en\/category\/1xbet-azerbaydjan\/\" rel=\"tag\">1xbet Azerbaydjan<\/a><\/li>\r\n                                                            <\/ul>\r\n                                                            <h3 class=\"item-title\"><a href=\"https:\/\/www.fm-desp.co.mz\/en\/2195-2\/\"><\/a><\/h3>\r\n                                                                                        <div class=\"item-content\">\r\n                                    Content Bet Live &#8211; Canl\u0131 Yay\u0131m H\u0259yacan\u0131 V\u0259 Canl\u0131 M\u0259rcin \u00dcst\u00fcnl\u00fckl\u0259ri &#8220;m\u0259n Bankdan Pul Almam\u0131\u015fam&#8221; &#8211; Qalmaqal How To Download The Betway Betting App? Bukm\u0435yk\u0435r \u015eirk\u0259ti H\u0430qq\u0131nd\u0430 \u00dcmumi M\u0259lum\u0430t Plan\u015fet&hellip;                                <\/div>\r\n                                                                                        <div class=\"item-readmore\">\r\n                                    <a class=\"btn-more\" href=\"https:\/\/www.fm-desp.co.mz\/en\/2195-2\/\"><i class=\"fac fac-arrow-right\"><\/i>See more<\/a>\r\n                                <\/div>\r\n                                                    <\/div>\r\n                    <\/div>\r\n                <\/div>\r\n                            <div class=\"grid-item col-xl-4 col-lg-4 col-md-6 col-sm-6 col-12\">\r\n                    <div class=\"grid-item-inner\">\r\n                                                <div class=\"item-body\">\r\n                            <ul class=\"item-meta\">\r\n                                                                    <li class=\"item-date\">July 3, 2023<\/li>\r\n                                                                                                    <li class=\"item-category\"><a href=\"https:\/\/www.fm-desp.co.mz\/en\/category\/1xbet-azerbaydjan\/\" rel=\"tag\">1xbet Azerbaydjan<\/a><\/li>\r\n                                                            <\/ul>\r\n                                                            <h3 class=\"item-title\"><a href=\"https:\/\/www.fm-desp.co.mz\/en\/2191-2\/\"><\/a><\/h3>\r\n                                                                                        <div class=\"item-content\">\r\n                                    Content Aviatoraz Sayt\u0131 Haqq\u0131nda Bet Mobile T\u0259tbiqetm\u0259sinin \u018fsas X\u00fcsusiyy\u0259tl\u0259ri Aviator Game X\u00fcsusiyy\u0259tl\u0259ri Bet Bukmeyker \u2013 1xbet Download \u201cg\u00f6zt\u0259p\u0259\u201dy\u0259 \u201csivasspor\u201dla Oyunda 1 Qol B\u0259s Etdi Problem Olmadan Ios \u00dc\u00e7\u00fcn 1xbet Y\u00fckl\u0259yin&hellip;                                <\/div>\r\n                                                                                        <div class=\"item-readmore\">\r\n                                    <a class=\"btn-more\" href=\"https:\/\/www.fm-desp.co.mz\/en\/2191-2\/\"><i class=\"fac fac-arrow-right\"><\/i>See more<\/a>\r\n                                <\/div>\r\n                                                    <\/div>\r\n                    <\/div>\r\n                <\/div>\r\n                            <div class=\"grid-item col-xl-4 col-lg-4 col-md-6 col-sm-6 col-12\">\r\n                    <div class=\"grid-item-inner\">\r\n                                                <div class=\"item-body\">\r\n                            <ul class=\"item-meta\">\r\n                                                                    <li class=\"item-date\">July 3, 2023<\/li>\r\n                                                                                                    <li class=\"item-category\"><a href=\"https:\/\/www.fm-desp.co.mz\/en\/category\/1xbet-azerbaydjan\/\" rel=\"tag\">1xbet Azerbaydjan<\/a><\/li>\r\n                                                            <\/ul>\r\n                                                            <h3 class=\"item-title\"><a href=\"https:\/\/www.fm-desp.co.mz\/en\/2187-2\/\"><\/a><\/h3>\r\n                                                                                        <div class=\"item-content\">\r\n                                    Content Et M\u0259rc Sayt\u0131n\u0131n Bonus V\u0259 Kampaniyalar\u0131 Bet Az Bu G\u00fcn Az\u0259rbaycanda Qurban Bayram\u0131d\u0131r R\u0259smi 1xbet Mobi Versiya: Tam Bax\u0131\u015f Az\u0259rbaycanda Turizm Bet R\u0259smi Sayt\u0131 \u2013 Idman N\u00f6vl\u0259ri C\u0442a\u0432\u043a\u0438 \u0412&hellip;                                <\/div>\r\n                                                                                        <div class=\"item-readmore\">\r\n                                    <a class=\"btn-more\" href=\"https:\/\/www.fm-desp.co.mz\/en\/2187-2\/\"><i class=\"fac fac-arrow-right\"><\/i>See more<\/a>\r\n                                <\/div>\r\n                                                    <\/div>\r\n                    <\/div>\r\n                <\/div>\r\n                            <div class=\"grid-item col-xl-4 col-lg-4 col-md-6 col-sm-6 col-12\">\r\n                    <div class=\"grid-item-inner\">\r\n                                                <div class=\"item-body\">\r\n                            <ul class=\"item-meta\">\r\n                                                                    <li class=\"item-date\">July 3, 2023<\/li>\r\n                                                                                                    <li class=\"item-category\"><a href=\"https:\/\/www.fm-desp.co.mz\/en\/category\/1xbet-azerbaydjan\/\" rel=\"tag\">1xbet Azerbaydjan<\/a><\/li>\r\n                                                            <\/ul>\r\n                                                            <h3 class=\"item-title\"><a href=\"https:\/\/www.fm-desp.co.mz\/en\/2183-2\/\"><\/a><\/h3>\r\n                                                                                        <div class=\"item-content\">\r\n                                    Content Bet Mobi Vasit\u0259sil\u0259 Oyunun X\u00fcsusiyy\u0259tl\u0259ri Bet Azerbaycan Bukmeker \u015ei\u0307rk\u0259ti\u0307 N\u0259y\u0259 Z\u0259man\u0259t Veri\u0307r? Pakistandan Az\u0259rbaycana Yeni G\u0259tirilmi\u015f \u00c7\u0259ltik Sortlar\u0131 A\u00e7\u0131q Sah\u0259l\u0259r\u0259 K\u00f6\u00e7\u00fcr\u00fcl\u00fcb Bet Ios T\u0259tbiqi Mostbet Azerbaycan \u00d6d\u0259ni\u015f Metodlar\u0131 \u2013&hellip;                                <\/div>\r\n                                                                                        <div class=\"item-readmore\">\r\n                                    <a class=\"btn-more\" href=\"https:\/\/www.fm-desp.co.mz\/en\/2183-2\/\"><i class=\"fac fac-arrow-right\"><\/i>See more<\/a>\r\n                                <\/div>\r\n                                                    <\/div>\r\n                    <\/div>\r\n                <\/div>\r\n                <\/div>\r\n            <div class=\"cms-grid-pagination\" data-loadmore=\"{&quot;startPage&quot;:1,&quot;maxPages&quot;:16,&quot;total&quot;:91,&quot;perpage&quot;:&quot;6&quot;,&quot;nextLink&quot;:&quot;https:\\\/\\\/www.fm-desp.co.mz\\\/en\\\/wp-json\\\/wp\\\/v2\\\/pages\\\/62\\\/page\\\/2\\\/&quot;,&quot;source&quot;:&quot;&quot;,&quot;orderby&quot;:&quot;date&quot;,&quot;order&quot;:&quot;desc&quot;,&quot;limit&quot;:&quot;6&quot;,&quot;post_ids&quot;:&quot;&quot;,&quot;col_xl&quot;:4,&quot;col_lg&quot;:4,&quot;col_md&quot;:6,&quot;col_sm&quot;:6,&quot;col_xs&quot;:12,&quot;thumbnail_size&quot;:&quot;custom&quot;,&quot;thumbnail_custom_dimension&quot;:{&quot;width&quot;:&quot;&quot;,&quot;height&quot;:&quot;&quot;},&quot;title_tag&quot;:&quot;h3&quot;,&quot;pagination_type&quot;:&quot;pagination&quot;,&quot;show_thumbnail&quot;:&quot;true&quot;,&quot;show_post_date&quot;:&quot;true&quot;,&quot;show_categories&quot;:&quot;true&quot;,&quot;show_title&quot;:&quot;true&quot;,&quot;show_excerpt&quot;:&quot;true&quot;,&quot;num_words&quot;:30,&quot;show_button&quot;:&quot;true&quot;,&quot;hover_animation&quot;:&quot;&quot;,&quot;button_text&quot;:&quot;Veja Mais&quot;,&quot;template_type&quot;:&quot;post_grid_layout1&quot;,&quot;tax&quot;:[]}\" data-query=\"{&quot;post_type&quot;:&quot;post&quot;,&quot;posts_per_page&quot;:6,&quot;order&quot;:&quot;desc&quot;,&quot;orderby&quot;:&quot;date&quot;,&quot;tax_query&quot;:{&quot;relation&quot;:&quot;OR&quot;}}\">\r\n                <nav class=\"navigation posts-pagination ajax\">\r\n        <div class=\"posts-page-links\">\r\n            <span aria-current=\"page\" class=\"page-numbers current\">1<\/span>\n<a class=\"page-numbers\" href=\"#2\">2<\/a>\n<span class=\"page-numbers dots\">&hellip;<\/span>\n<a class=\"page-numbers\" href=\"#16\">16<\/a>\n<a class=\"next page-numbers\" href=\"#2\"><i class=\"fac fac-arrow-right\"><\/i><\/a>        <\/div>\r\n    <\/nav>\r\n            <\/div>\r\n        <\/div>\t\t<\/div>\n\t\t\t\t<\/div>\n\t\t\t\t\t\t<\/div>\n\t\t\t\t\t<\/div>\n\t\t<\/div>\n\t\t\t\t\t\t\t\t<\/div>\n\t\t\t\t\t<\/div>\n\t\t<\/section>\n\t\t\t\t\t\t<\/div>\n\t\t\t\t\t\t<\/div>\n\t\t\t\t\t<\/div>","protected":false},"excerpt":{"rendered":"<p>June 19, 2020 Constructions, Engineering Tend\u00eancias Engenharia Civil 2020: o que esperar do sector? The trade war currently ensuing between the US and several nations around the globe, most fiercely with China, shows no signs of the first set of tariffs levied against solar. Veja Mais June 19, 2020 Constructions, Industry A moderniza\u00e7\u00e3o da constru\u00e7\u00e3o [&hellip;]<\/p>","protected":false},"author":1,"featured_media":0,"parent":0,"menu_order":0,"comment_status":"closed","ping_status":"closed","template":"","meta":[],"_links":{"self":[{"href":"https:\/\/www.fm-desp.co.mz\/en\/wp-json\/wp\/v2\/pages\/62"}],"collection":[{"href":"https:\/\/www.fm-desp.co.mz\/en\/wp-json\/wp\/v2\/pages"}],"about":[{"href":"https:\/\/www.fm-desp.co.mz\/en\/wp-json\/wp\/v2\/types\/page"}],"author":[{"embeddable":true,"href":"https:\/\/www.fm-desp.co.mz\/en\/wp-json\/wp\/v2\/users\/1"}],"replies":[{"embeddable":true,"href":"https:\/\/www.fm-desp.co.mz\/en\/wp-json\/wp\/v2\/comments?post=62"}],"version-history":[{"count":3,"href":"https:\/\/www.fm-desp.co.mz\/en\/wp-json\/wp\/v2\/pages\/62\/revisions"}],"predecessor-version":[{"id":1545,"href":"https:\/\/www.fm-desp.co.mz\/en\/wp-json\/wp\/v2\/pages\/62\/revisions\/1545"}],"wp:attachment":[{"href":"https:\/\/www.fm-desp.co.mz\/en\/wp-json\/wp\/v2\/media?parent=62"}],"curies":[{"name":"wp","href":"https:\/\/api.w.org\/{rel}","templated":true}]}}